{"id":15919,"date":"2026-04-02T15:01:28","date_gmt":"2026-04-02T14:01:28","guid":{"rendered":"https:\/\/viaberoun.cz\/?page_id=15919"},"modified":"2026-04-02T15:03:18","modified_gmt":"2026-04-02T14:03:18","slug":"vysledky-zapisu-do-ms","status":"publish","type":"page","link":"https:\/\/viaberoun.cz\/cs\/materska-skola\/vysledky-zapisu-do-ms\/","title":{"rendered":"V\u00fdsledky z\u00e1pisu do M\u0160"},"content":{"rendered":"\t\t<div data-elementor-type=\"wp-page\" data-elementor-id=\"15919\" class=\"elementor elementor-15919\" data-elementor-post-type=\"page\">\n\t\t\t\t<div class=\"elementor-element elementor-element-4ef4b46 e-flex e-con-boxed e-con e-parent\" data-id=\"4ef4b46\" data-element_type=\"container\" data-e-type=\"container\">\n\t\t\t\t\t<div class=\"e-con-inner\">\n\t\t<div class=\"elementor-element elementor-element-6391f9a e-con-full e-flex e-con e-child\" data-id=\"6391f9a\" data-element_type=\"container\" data-e-type=\"container\">\n\t\t\t\t<div class=\"elementor-element elementor-element-7d2ce1c elementor-icon-list--layout-traditional elementor-list-item-link-full_width elementor-widget elementor-widget-icon-list\" data-id=\"7d2ce1c\" data-element_type=\"widget\" data-e-type=\"widget\" data-widget_type=\"icon-list.default\">\n\t\t\t\t<div class=\"elementor-widget-container\">\n\t\t\t\t\t\t\t<ul class=\"elementor-icon-list-items\">\n\t\t\t\t\t\t\t<li class=\"elementor-icon-list-item\">\n\t\t\t\t\t\t\t\t\t\t\t<span class=\"elementor-icon-list-icon\">\n\t\t\t\t\t\t\t<svg xmlns=\"http:\/\/www.w3.org\/2000\/svg\" xmlns:xlink=\"http:\/\/www.w3.org\/1999\/xlink\" id=\"Group_222\" data-name=\"Group 222\" width=\"37.512\" height=\"46.144\" viewBox=\"0 0 37.512 46.144\"><defs><clipPath id=\"clip-path\"><rect id=\"Rectangle_23\" data-name=\"Rectangle 23\" width=\"37.512\" height=\"46.144\" fill=\"#f2c42d\"><\/rect><\/clipPath><\/defs><g id=\"Group_15\" data-name=\"Group 15\" transform=\"translate(0 0)\" clip-path=\"url(#clip-path)\"><path id=\"Path_16\" data-name=\"Path 16\" d=\"M4.976,45.635,36.025,25.8c.014-.009.025-.021.039-.031a2.969,2.969,0,0,0,.29-.229c.072-.06.149-.116.214-.181s.123-.145.185-.218a3.2,3.2,0,0,0,.225-.285c.01-.014.022-.025.032-.04.042-.065.066-.135.1-.2a2.174,2.174,0,0,0,.26-.624c.029-.1.059-.19.079-.288s.03-.22.04-.331.021-.193.021-.291a3.089,3.089,0,0,0-.023-.321c-.01-.1-.017-.2-.036-.3s-.055-.21-.086-.315-.054-.19-.091-.283a3.407,3.407,0,0,0-.17-.335c-.034-.063-.057-.128-.1-.189-.009-.014-.021-.025-.03-.038A3.258,3.258,0,0,0,36.747,21c-.059-.071-.113-.147-.178-.211s-.144-.122-.216-.183a3.029,3.029,0,0,0-.288-.227c-.013-.01-.025-.022-.039-.031L4.976.51A3.234,3.234,0,1,0,1.494,5.96L28.276,23.072,1.494,40.185a3.234,3.234,0,1,0,3.483,5.451\" transform=\"translate(0 0)\" fill=\"#f2c42d\"><\/path><\/g><\/svg>\t\t\t\t\t\t<\/span>\n\t\t\t\t\t\t\t\t\t\t<span class=\"elementor-icon-list-text\">V\u00fdsledky z\u00e1pisu k p\u0159ed\u0161koln\u00edmu vzd\u011bl\u00e1v\u00e1n\u00ed<\/span>\n\t\t\t\t\t\t\t\t\t<\/li>\n\t\t\t\t\t\t<\/ul>\n\t\t\t\t\t\t<\/div>\n\t\t\t\t<\/div>\n\t\t\t\t<\/div>\n\t\t\t\t\t<\/div>\n\t\t\t\t<\/div>\n\t\t<div class=\"elementor-element elementor-element-ee716cf e-flex e-con-boxed e-con e-parent\" data-id=\"ee716cf\" data-element_type=\"container\" data-e-type=\"container\">\n\t\t\t\t\t<div class=\"e-con-inner\">\n\t\t<div class=\"elementor-element elementor-element-e683600 e-con-full e-flex e-con e-child\" data-id=\"e683600\" data-element_type=\"container\" data-e-type=\"container\">\n\t\t\t\t<div class=\"elementor-element elementor-element-28c781e elementor-widget elementor-widget-text-editor\" data-id=\"28c781e\" data-element_type=\"widget\" data-e-type=\"widget\" data-widget_type=\"text-editor.default\">\n\t\t\t\t<div class=\"elementor-widget-container\">\n\t\t\t\t\t\t\t\t\t<div class=\"fusion-column-wrapper fusion-flex-justify-content-flex-start fusion-content-layout-column\"><div class=\"fusion-text fusion-text-1\"><h2 class=\"elementToProof\" data-ogsc=\"rgb(0, 0, 0)\" data-ogsb=\"rgb(255, 255, 255)\"><b>Rozhodnut\u00ed o p\u0159ijet\u00ed k\u202fp\u0159ed\u0161koln\u00edmu vzd\u011bl\u00e1v\u00e1n\u00ed<br \/>pro \u0161koln\u00ed rok 2026\/2027<\/b><\/h2><div class=\"elementToProof\" style=\"text-align: right;\" data-ogsc=\"rgb(0, 0, 0)\" data-ogsb=\"rgb(255, 255, 255)\"><b>Datum zve\u0159ejn\u011bn\u00ed 02.04.2026<br \/>\u010c.j.:3Dk\/M\u0160\/26\/M\u0160VB<br \/><\/b><\/div><div class=\"elementToProof\" data-ogsc=\"rgb(0, 0, 0)\" data-ogsb=\"rgb(255, 255, 255)\">V\u00e1\u017een\u00ed rodi\u010de,\u202f\u00a0<\/div><div class=\"elementToProof\" data-ogsc=\"rgb(0, 0, 0)\" data-ogsb=\"rgb(255, 255, 255)\">n\u00ed\u017ee naleznete v\u00fdsledky p\u0159ij\u00edmac\u00edho \u0159\u00edzen\u00ed p\u0159ijat\u00fdch \u017e\u00e1k\u016f pro \u0161koln\u00ed rok 2026\/2027. V\u0161em p\u0159ijat\u00fdm gratulujeme a v z\u00e1\u0159\u00ed se na d\u011bti budeme t\u011b\u0161it.<\/div><div class=\"elementToProof\" data-ogsc=\"rgb(0, 0, 0)\" data-ogsb=\"rgb(255, 255, 255)\">\u00a0<\/div><\/div><div data-ogsc=\"rgb(0, 0, 0)\" data-ogsb=\"rgb(255, 255, 255)\"><div class=\"x_x_elementToProof\" data-ogsc=\"rgb(0, 0, 0)\" data-olk-copy-source=\"MessageBody\">Origin\u00e1l Rozhodnut\u00ed o p\u0159ijet\u00ed k p\u0159ed\u0161koln\u00edmu vzd\u011bl\u00e1v\u00e1n\u00ed bude z\u00e1konn\u00e9mu z\u00e1stupci p\u0159ed\u00e1no u podpisu smluv. Origin\u00e1l Rozhodnut\u00ed o nep\u0159ijet\u00ed ke vzd\u011bl\u00e1v\u00e1n\u00ed bude z\u00e1konn\u00e9mu z\u00e1stupci automaticky zas\u00edl\u00e1no v p\u00edsemn\u00e9 podob\u011b datovou schr\u00e1nkou nebo po\u0161tou. Z\u00e1konn\u00fd z\u00e1stupce d\u00edt\u011bte m\u016f\u017ee podat odvol\u00e1n\u00ed proti rozhodnut\u00ed \u0159editele \u0161koly ve lh\u016ft\u011b 15 dn\u016f, kter\u00e1 b\u011b\u017e\u00ed od n\u00e1sleduj\u00edc\u00edho dne po p\u0159evzet\u00ed rozhodnut\u00ed \u0159editele \u0161koly.<\/div><div data-ogsc=\"rgb(0, 0, 0)\">\u00a0<\/div><div class=\"x_x_elementToProof\" data-ogsc=\"rgb(0, 0, 0)\">\u0158editel mate\u0159sk\u00e9 \u0161koly, jej\u00ed\u017e \u010dinnost vykon\u00e1v\u00e1 Mate\u0159sk\u00e1 \u0161kola, z\u00e1kladn\u00ed \u0161kola a gymn\u00e1zium VIA Beroun, se s\u00eddlem Hrn\u010d\u00ed\u0159sk\u00e1 642, 266 02 Beroun,\u202fjako v\u011bcn\u011b a m\u00edstn\u011b p\u0159\u00edslu\u0161n\u00fd spr\u00e1vn\u00ed org\u00e1n ve smyslu ustanoven\u00ed \u00a7 34, \u00a7 165 odst. 2 a \u00a7 183 odst. 2 z\u00e1kona \u010d. 561\/2004 Sb., o p\u0159ed\u0161koln\u00edm, z\u00e1kladn\u00edm, st\u0159edn\u00edm, vy\u0161\u0161\u00edm odborn\u00e9m a jin\u00e9m vzd\u011bl\u00e1v\u00e1n\u00ed (\u0161kolsk\u00fd z\u00e1kon), a v\u202fsouladu se z\u00e1konem \u010d. 500\/2004 Sb., spr\u00e1vn\u00ed \u0159\u00e1d, <b data-ogsc=\"\"><i data-ogsc=\"\">rozhodl o p\u0159ijet\u00ed d\u00edt\u011bte k p\u0159ed\u0161koln\u00edmu vzd\u011bl\u00e1v\u00e1n\u00ed od 1. 9. 2026 na z\u00e1klad\u011b podan\u00fdch \u017e\u00e1dost\u00ed z\u00e1konn\u00fdch z\u00e1stupc\u016f<\/i><\/b><i data-ogsc=\"\"> <\/i><b data-ogsc=\"\"><i data-ogsc=\"\">u d\u011bt\u00ed s registra\u010dn\u00edmi \u010d\u00edsly uveden\u00fdch v <a href=\"https:\/\/viaberoun.cz\/wp-content\/uploads\/2026\/04\/vysledky_zapis_ms_26.pdf\" target=\"_blank\" rel=\"noopener\">tabulce ZDE<\/a>.<\/i><\/b><\/div><\/div><\/div>\t\t\t\t\t\t\t\t<\/div>\n\t\t\t\t<\/div>\n\t\t\t\t<\/div>\n\t\t\t\t\t<\/div>\n\t\t\t\t<\/div>\n\t\t\t\t<\/div>\n\t\t","protected":false},"excerpt":{"rendered":"<p>V\u00fdsledky z\u00e1pisu k p\u0159ed\u0161koln\u00edmu vzd\u011bl\u00e1v\u00e1n\u00ed Rozhodnut\u00ed o p\u0159ijet\u00ed k\u202fp\u0159ed\u0161koln\u00edmu vzd\u011bl\u00e1v\u00e1n\u00edpro \u0161koln\u00ed rok 2026\/2027 Datum zve\u0159ejn\u011bn\u00ed 02.04.2026\u010c.j.:3Dk\/M\u0160\/26\/M\u0160VBV\u00e1\u017een\u00ed rodi\u010de,\u202f\u00a0n\u00ed\u017ee naleznete v\u00fdsledky p\u0159ij\u00edmac\u00edho \u0159\u00edzen\u00ed p\u0159ijat\u00fdch \u017e\u00e1k\u016f pro \u0161koln\u00ed rok 2026\/2027. V\u0161em p\u0159ijat\u00fdm gratulujeme a v z\u00e1\u0159\u00ed se na d\u011bti budeme t\u011b\u0161it.\u00a0Origin\u00e1l Rozhodnut\u00ed o p\u0159ijet\u00ed k p\u0159ed\u0161koln\u00edmu vzd\u011bl\u00e1v\u00e1n\u00ed bude z\u00e1konn\u00e9mu z\u00e1stupci p\u0159ed\u00e1no u podpisu smluv. Origin\u00e1l Rozhodnut\u00ed o nep\u0159ijet\u00ed [&hellip;]<\/p>\n","protected":false},"author":3,"featured_media":0,"parent":176,"menu_order":0,"comment_status":"closed","ping_status":"closed","template":"elementor_header_footer","meta":{"_acf_changed":false,"advanced_seo_description":"","jetpack_seo_html_title":"","jetpack_seo_noindex":false,"footnotes":""},"class_list":["post-15919","page","type-page","status-publish","hentry"],"acf":[],"jetpack_shortlink":"https:\/\/wp.me\/PfhmZd-48L","_links":{"self":[{"href":"https:\/\/viaberoun.cz\/cs\/wp-json\/wp\/v2\/pages\/15919","targetHints":{"allow":["GET"]}}],"collection":[{"href":"https:\/\/viaberoun.cz\/cs\/wp-json\/wp\/v2\/pages"}],"about":[{"href":"https:\/\/viaberoun.cz\/cs\/wp-json\/wp\/v2\/types\/page"}],"author":[{"embeddable":true,"href":"https:\/\/viaberoun.cz\/cs\/wp-json\/wp\/v2\/users\/3"}],"replies":[{"embeddable":true,"href":"https:\/\/viaberoun.cz\/cs\/wp-json\/wp\/v2\/comments?post=15919"}],"version-history":[{"count":5,"href":"https:\/\/viaberoun.cz\/cs\/wp-json\/wp\/v2\/pages\/15919\/revisions"}],"predecessor-version":[{"id":15945,"href":"https:\/\/viaberoun.cz\/cs\/wp-json\/wp\/v2\/pages\/15919\/revisions\/15945"}],"up":[{"embeddable":true,"href":"https:\/\/viaberoun.cz\/cs\/wp-json\/wp\/v2\/pages\/176"}],"wp:attachment":[{"href":"https:\/\/viaberoun.cz\/cs\/wp-json\/wp\/v2\/media?parent=15919"}],"curies":[{"name":"wp","href":"https:\/\/api.w.org\/{rel}","templated":true}]}}